{"id":236,"date":"2020-05-15T13:18:02","date_gmt":"2020-05-15T11:18:02","guid":{"rendered":"https:\/\/harambe.ch\/?page_id=236"},"modified":"2023-01-01T13:15:31","modified_gmt":"2023-01-01T13:15:31","slug":"ttt-klassen","status":"publish","type":"page","link":"https:\/\/www.harambe.ch\/?page_id=236","title":{"rendered":"TTT Klassen"},"content":{"rendered":"\n<p><strong>Agent<\/strong><\/p>\n\n\n\n<p>Identity Swapper: Wechsle deinen Anzeigenamen mit der Person die du &#8220;messerst&#8221;. Die bekommt dann &#8220;deinen&#8221; Anzeigenamen.<\/p>\n\n\n\n<p>Cloak: Binden im F1 Men\u00fc. L\u00e4sst dich per Knopfdruck unsichtbar werden. L\u00e4dt alle 30 Sekunden wieder auf.<\/p>\n\n\n\n<p>Bond Pistol: Silenced Pistol mit Bond Musik.<\/p>\n\n\n\n<p><strong>Coffinnigga<\/strong><\/p>\n\n\n\n<p>CoffinGun: Thomasgun aber mit nem Sarg<\/p>\n\n\n\n<p><strong>Doggy<\/strong><\/p>\n\n\n\n<p>Doggygun: SMG mit undendlich Munition. Rechtsclick Shotgun, R f\u00fcr Granate. Spielt w\u00e4hrend dem halten Doggy sowie auch w\u00e4hrend dem ballern.<\/p>\n\n\n\n<p><strong>Elf<\/strong><\/p>\n\n\n\n<p>Schneeball: Wirft n Schneball. Das &#8220;Opfer&#8221; h\u00f6rt dann bissl Weihnachtsmusik bevor es sich in einen Schneeman verwandelt.<\/p>\n\n\n\n<p>Present of Fate: Geschenk welches 2x benutzt werden kann. Es kann zu 80% einen um 50hp heilen oder 20% in die Luft fliegen (onehit).<\/p>\n\n\n\n<p><strong>Faker<\/strong><\/p>\n\n\n\n<p>The Little Helper: Muss im F1 Men\u00fc gebindet werden. Beim benutzen erh\u00e4lt man f\u00fcr 7 Sekunden ein 300HP Schild. Dieses kann fr\u00fcher reaktiviert werden zum abrechen. W\u00e4hrend das Schild aktiv ist kann man nicht schiessen. L\u00e4dt sich \u00fcber 25 Sekunden wieder auf.<\/p>\n\n\n\n<p>DeathFaker: Drop eine Leiche mit dem eigenem Namen &amp; ausgew\u00e4hlten Rolle.<\/p>\n\n\n\n<p><strong>Freerunner<\/strong><\/p>\n\n\n\n<p>Bluebull: 3x Sprung<\/p>\n\n\n\n<p>Kein Fallschaden<\/p>\n\n\n\n<p>Homerunbat: Baseballschl\u00e4ger, 30dmg onhit. 25% movementspeed buff beim tragen. Schl\u00e4gt das Ziel ca. 20Meter nach oben &amp; 30Meter weg.<\/p>\n\n\n\n<p><strong>Gambler<\/strong><\/p>\n\n\n\n<p>A Second Chance:  %Chance wiederbelebt zu werden (auf Leiche oder Random kann ausgew\u00e4hlt werden). %Chance wird pro Kill h\u00f6her.<\/p>\n\n\n\n<p>RandomDamage: Gibt jemandem 15-30 Schaden. Kann 2x benutzt werden.<\/p>\n\n\n\n<p><strong>Ghost<\/strong><\/p>\n\n\n\n<p>Ghostknife: Wurfmesser, Platztausch onhit<\/p>\n\n\n\n<p>Cloak Device: Zu 90% unsichtbar beim Tragen in der Hand (Name sichtbar!)<\/p>\n\n\n\n<p><strong>Hacker<\/strong><\/p>\n\n\n\n<p>Newtonlauncher: Schubst Leute (1-5 dmg onhit).<\/p>\n\n\n\n<p>DNA Scanner:  Kann DNA des M\u00f6rders auf Leichen finden und den M\u00f6rder (wie beim Radar) zeigen.<\/p>\n\n\n\n<p>Radar: Zeigt alle lebende Personen alle 30 Sekunden auf der Welt.<\/p>\n\n\n\n<p><strong>Homeless<\/strong><\/p>\n\n\n\n<p>Angryhobo: 2x Wurfschuhe welche ~60 dmg geben<\/p>\n\n\n\n<p>Jarate: Flasche welche alle im Explosionsradius verwundbar macht (2x Schaden) f\u00fcr 15 Sekunden.<\/p>\n\n\n\n<p><strong>Jedi<\/strong><\/p>\n\n\n\n<p>Kein Fallschaden<\/p>\n\n\n\n<p>80 HP<\/p>\n\n\n\n<p>Lightsaber: Lichtschwert mit 50 dmg. Hat auch n Forcepull, push und block.<\/p>\n\n\n\n<p><strong>Lover<\/strong><\/p>\n\n\n\n<p>120 HP<\/p>\n\n\n\n<p>Deathlink: &#8220;Verbinde&#8221; dich mit einer Person. Wenn einer von euch 2 stirbt, stirbt auch der andere!<\/p>\n\n\n\n<p>TTT Kiss: Linksclick zum K\u00fcssen, 20HP Heal x6<\/p>\n\n\n\n<p>130 HP<\/p>\n\n\n\n<p><strong>Luckyluke<\/strong><\/p>\n\n\n\n<p>Peacemaker: Revolver welcher nach dem benutzen alle sichtbaren Personen anvisiert. Nach 3 Sekunden &#8220;anvisieren&#8221; erneut benutzen f\u00fcr einen Instantkill (sichtbar am T\u00f6tensch\u00e4del)<\/p>\n\n\n\n<p>Silenced Pistol: Pistole mit Schalld\u00e4mpfer. <\/p>\n\n\n\n<p><strong>Manipulator<\/strong><\/p>\n\n\n\n<p>SATM: Item f\u00fcr 2x Zeit verlangsamen \/ beschleunigen. Einmaliger Platztausch mit einem anderen Spieler auch m\u00f6glich.<\/p>\n\n\n\n<p><strong>Medic<\/strong><\/p>\n\n\n\n<p>Defibrillator: Kann jemanden wiederbeleben (ausser wenn durch Kopfschuss get\u00f6tet).<\/p>\n\n\n\n<p>Randomat: L\u00f6st ein ingame Event aus (Mehr DMG, Mehr HP, Random Explosionen etc.) aus.<\/p>\n\n\n\n<p><strong>Noob<\/strong><\/p>\n\n\n\n<p>40% R\u00fcstung.<\/p>\n\n\n\n<p>Mirrorfate: Rechtsclick &#8220;Fate&#8221; deines M\u00f6rders ausw\u00e4hlen. Dein M\u00f6rder wird dann auf diese Weise sterben.<\/p>\n\n\n\n<p><strong>Priester<\/strong><\/p>\n\n\n\n<p>FirstaidKit: Linksklick zum selbst heilen, Rechtsklick f\u00fcr andere. L\u00e4dt sich langsam wieder auf.<\/p>\n\n\n\n<p>Amaterasu: Deagle welche onhit einen in Brand steckt bis er stirbt.<\/p>\n\n\n\n<p><strong>Rambo<\/strong><\/p>\n\n\n\n<p>60% R\u00fcstung<\/p>\n\n\n\n<p>Minigun: Uh ja ne Minigun.<\/p>\n\n\n\n<p><strong>Spartan<\/strong><\/p>\n\n\n\n<p>Spartan Kick: Linksclick f\u00fcr einen Nahkampfangriff 300dmg onhit. Kann auch Props rumschmeissen.<\/p>\n\n\n\n<p><strong>Vet<\/strong><\/p>\n\n\n\n<p>Homingpigeon: Explosive Taube welche dein Ziel verfolgt. Direkt auf dein Ziel aimen sonst passiert nix.<\/p>\n\n\n\n<p>MineTurtle: Wird wie ne Granate geworfen und spawnt Schildkr\u00f6ten welche alle angreifen (~15 dmg onhit).<\/p>\n\n\n\n<p><strong>Vampir<\/strong><\/p>\n\n\n\n<p>Stamin Up: 30% Schneller laufen<\/p>\n\n\n\n<p>Vampire Knife:  Linksklick um Leben zu stehlen. Maximal 150 HP m\u00f6glich, 10-15 dmg steps.<\/p>\n","protected":false},"excerpt":{"rendered":"<p>Agent Identity Swapper: Wechsle deinen Anzeigenamen mit der Person die du &#8220;messerst&#8221;. Die bekommt dann &#8220;deinen&#8221; Anzeigenamen. Cloak: Binden im F1 Men\u00fc. L\u00e4sst dich per Knopfdruck unsichtbar werden. L\u00e4dt alle 30 Sekunden wieder auf. Bond Pistol: Silenced Pistol mit Bond Musik. Coffinnigga CoffinGun: Thomasgun aber mit nem Sarg Doggy Doggygun: SMG mit undendlich Munition. Rechtsclick &hellip; <\/p>\n<p class=\"link-more\"><a href=\"https:\/\/www.harambe.ch\/?page_id=236\" class=\"more-link\">Continue reading<span class=\"screen-reader-text\"> &#8220;TTT Klassen&#8221;<\/span><\/a><\/p>\n","protected":false},"author":1,"featured_media":0,"parent":190,"menu_order":0,"comment_status":"closed","ping_status":"closed","template":"","meta":{"footnotes":""},"class_list":["post-236","page","type-page","status-publish","hentry"],"_links":{"self":[{"href":"https:\/\/www.harambe.ch\/index.php?rest_route=\/wp\/v2\/pages\/236","targetHints":{"allow":["GET"]}}],"collection":[{"href":"https:\/\/www.harambe.ch\/index.php?rest_route=\/wp\/v2\/pages"}],"about":[{"href":"https:\/\/www.harambe.ch\/index.php?rest_route=\/wp\/v2\/types\/page"}],"author":[{"embeddable":true,"href":"https:\/\/www.harambe.ch\/index.php?rest_route=\/wp\/v2\/users\/1"}],"replies":[{"embeddable":true,"href":"https:\/\/www.harambe.ch\/index.php?rest_route=%2Fwp%2Fv2%2Fcomments&post=236"}],"version-history":[{"count":1,"href":"https:\/\/www.harambe.ch\/index.php?rest_route=\/wp\/v2\/pages\/236\/revisions"}],"predecessor-version":[{"id":477,"href":"https:\/\/www.harambe.ch\/index.php?rest_route=\/wp\/v2\/pages\/236\/revisions\/477"}],"up":[{"embeddable":true,"href":"https:\/\/www.harambe.ch\/index.php?rest_route=\/wp\/v2\/pages\/190"}],"wp:attachment":[{"href":"https:\/\/www.harambe.ch\/index.php?rest_route=%2Fwp%2Fv2%2Fmedia&parent=236"}],"curies":[{"name":"wp","href":"https:\/\/api.w.org\/{rel}","templated":true}]}}