{"id":190,"date":"2020-04-21T00:53:55","date_gmt":"2020-04-20T22:53:55","guid":{"rendered":"https:\/\/harambe.ch\/?page_id=190"},"modified":"2024-06-18T05:14:28","modified_gmt":"2024-06-18T05:14:28","slug":"ttt","status":"publish","type":"page","link":"https:\/\/www.harambe.ch\/?page_id=190","title":{"rendered":"TTT"},"content":{"rendered":"\n<p>TTT Klassen -&gt; <a href=\"https:\/\/www.harambe.ch\/?page_id=236\">Klick mich<\/a><\/p>\n\n\n\n<p>TTT Rollen -&gt; <a href=\"https:\/\/www.harambe.ch\/?page_id=236\">Klick mich<\/a><\/p>\n\n\n\n<p>IP: 51.154.59.27<\/p>\n\n\n\n<p><\/p>\n\n\n\n<p><\/p>\n\n\n\n<h2 class=\"wp-block-heading\">TTT Setup<\/h2>\n\n\n\n<p>Nach dem Garry&#8217;s Mod installiert ist <a href=\"https:\/\/drive.google.com\/file\/d\/12CzucLLTtZsPP8pxm2iipwc07M_9t6DP\/view?usp=sharing\">diesen Ordner herunterladen <\/a><\/p>\n\n\n\n<p>Steam \u00f6ffnen<\/p>\n\n\n\n<figure class=\"wp-block-image size-large\"><img loading=\"lazy\" decoding=\"async\" width=\"1024\" height=\"556\" src=\"https:\/\/www.harambe.ch\/wp-content\/uploads\/2022\/01\/1-1024x556.png\" alt=\"\" class=\"wp-image-431\" srcset=\"https:\/\/www.harambe.ch\/wp-content\/uploads\/2022\/01\/1-1024x556.png 1024w, https:\/\/www.harambe.ch\/wp-content\/uploads\/2022\/01\/1-300x163.png 300w, https:\/\/www.harambe.ch\/wp-content\/uploads\/2022\/01\/1-768x417.png 768w, https:\/\/www.harambe.ch\/wp-content\/uploads\/2022\/01\/1-1536x833.png 1536w, https:\/\/www.harambe.ch\/wp-content\/uploads\/2022\/01\/1-2048x1111.png 2048w\" sizes=\"auto, (max-width: 767px) 89vw, (max-width: 1000px) 54vw, (max-width: 1071px) 543px, 580px\" \/><\/figure>\n\n\n\n<p>Bibliothek \u00f6ffnen<\/p>\n\n\n\n<figure class=\"wp-block-image size-large\"><img loading=\"lazy\" decoding=\"async\" width=\"2229\" height=\"1201\" src=\"https:\/\/www.harambe.ch\/wp-content\/uploads\/2022\/01\/2-1024x552.png\" alt=\"\" class=\"wp-image-433\" srcset=\"https:\/\/www.harambe.ch\/wp-content\/uploads\/2022\/01\/2-1024x552.png 1024w, https:\/\/www.harambe.ch\/wp-content\/uploads\/2022\/01\/2-300x162.png 300w, https:\/\/www.harambe.ch\/wp-content\/uploads\/2022\/01\/2-768x414.png 768w, https:\/\/www.harambe.ch\/wp-content\/uploads\/2022\/01\/2-1536x828.png 1536w, https:\/\/www.harambe.ch\/wp-content\/uploads\/2022\/01\/2-2048x1103.png 2048w\" sizes=\"auto, (max-width: 767px) 89vw, (max-width: 1000px) 54vw, (max-width: 1071px) 543px, 580px\" \/><\/figure>\n\n\n\n<p>Rechtsklick auf &#8220;Garrys Mod&#8221;, Eigenschaften \u00f6ffnen<\/p>\n\n\n\n<figure class=\"wp-block-image size-large\"><img loading=\"lazy\" decoding=\"async\" width=\"1024\" height=\"554\" src=\"https:\/\/www.harambe.ch\/wp-content\/uploads\/2022\/01\/3-1024x554.png\" alt=\"\" class=\"wp-image-434\" srcset=\"https:\/\/www.harambe.ch\/wp-content\/uploads\/2022\/01\/3-1024x554.png 1024w, https:\/\/www.harambe.ch\/wp-content\/uploads\/2022\/01\/3-300x162.png 300w, https:\/\/www.harambe.ch\/wp-content\/uploads\/2022\/01\/3-768x415.png 768w, https:\/\/www.harambe.ch\/wp-content\/uploads\/2022\/01\/3-1536x831.png 1536w, https:\/\/www.harambe.ch\/wp-content\/uploads\/2022\/01\/3-2048x1108.png 2048w\" sizes=\"auto, (max-width: 767px) 89vw, (max-width: 1000px) 54vw, (max-width: 1071px) 543px, 580px\" \/><\/figure>\n\n\n\n<p>3. Reiter &#8220;Lokale Dateien&#8221;, Lokale Dateien untersuchen<\/p>\n\n\n\n<figure class=\"wp-block-image size-large\"><img loading=\"lazy\" decoding=\"async\" width=\"1024\" height=\"558\" src=\"https:\/\/www.harambe.ch\/wp-content\/uploads\/2022\/01\/4-1024x558.png\" alt=\"\" class=\"wp-image-436\" srcset=\"https:\/\/www.harambe.ch\/wp-content\/uploads\/2022\/01\/4-1024x558.png 1024w, https:\/\/www.harambe.ch\/wp-content\/uploads\/2022\/01\/4-300x164.png 300w, https:\/\/www.harambe.ch\/wp-content\/uploads\/2022\/01\/4-768x419.png 768w, https:\/\/www.harambe.ch\/wp-content\/uploads\/2022\/01\/4-1536x837.png 1536w, https:\/\/www.harambe.ch\/wp-content\/uploads\/2022\/01\/4.png 1633w\" sizes=\"auto, (max-width: 767px) 89vw, (max-width: 1000px) 54vw, (max-width: 1071px) 543px, 580px\" \/><\/figure>\n\n\n\n<p>Im Ordner der ge\u00f6ffnet wird &#8220;garrysmod&#8221; \u00f6ffnen<\/p>\n\n\n\n<figure class=\"wp-block-image size-large\"><img loading=\"lazy\" decoding=\"async\" width=\"1024\" height=\"309\" src=\"https:\/\/www.harambe.ch\/wp-content\/uploads\/2022\/01\/5-1024x309.png\" alt=\"\" class=\"wp-image-438\" srcset=\"https:\/\/www.harambe.ch\/wp-content\/uploads\/2022\/01\/5-1024x309.png 1024w, https:\/\/www.harambe.ch\/wp-content\/uploads\/2022\/01\/5-300x90.png 300w, https:\/\/www.harambe.ch\/wp-content\/uploads\/2022\/01\/5-768x232.png 768w, https:\/\/www.harambe.ch\/wp-content\/uploads\/2022\/01\/5-1536x463.png 1536w, https:\/\/www.harambe.ch\/wp-content\/uploads\/2022\/01\/5-2048x618.png 2048w\" sizes=\"auto, (max-width: 767px) 89vw, (max-width: 1000px) 54vw, (max-width: 1071px) 543px, 580px\" \/><\/figure>\n\n\n\n<p>&#8220;addons&#8221; \u00f6ffnen<\/p>\n\n\n\n<figure class=\"wp-block-image size-large\"><img loading=\"lazy\" decoding=\"async\" width=\"1024\" height=\"529\" src=\"https:\/\/www.harambe.ch\/wp-content\/uploads\/2022\/01\/6-1024x529.png\" alt=\"\" class=\"wp-image-439\" srcset=\"https:\/\/www.harambe.ch\/wp-content\/uploads\/2022\/01\/6-1024x529.png 1024w, https:\/\/www.harambe.ch\/wp-content\/uploads\/2022\/01\/6-300x155.png 300w, https:\/\/www.harambe.ch\/wp-content\/uploads\/2022\/01\/6-768x397.png 768w, https:\/\/www.harambe.ch\/wp-content\/uploads\/2022\/01\/6-1536x794.png 1536w, https:\/\/www.harambe.ch\/wp-content\/uploads\/2022\/01\/6-2048x1058.png 2048w\" sizes=\"auto, (max-width: 767px) 89vw, (max-width: 1000px) 54vw, (max-width: 1071px) 543px, 580px\" \/><\/figure>\n\n\n\n<p>Nun den vorher heruntergeladenen &#8220;CSSContent&#8221; Ordner hier <strong>entpacken<\/strong>. Der Ordner sollte dann keine &#8220;.zip&#8221; Endung mehr haben.<\/p>\n\n\n\n<p><a href=\"https:\/\/steamcommunity.com\/sharedfiles\/filedetails\/?id=2048190007\">https:\/\/steamcommunity.com\/sharedfiles\/filedetails\/?id=2048190007<\/a> \u00f6ffnen.<\/p>\n\n\n\n<figure class=\"wp-block-image size-large\"><img loading=\"lazy\" decoding=\"async\" width=\"1024\" height=\"588\" src=\"https:\/\/www.harambe.ch\/wp-content\/uploads\/2022\/01\/4-1-1024x588.png\" alt=\"\" class=\"wp-image-437\" srcset=\"https:\/\/www.harambe.ch\/wp-content\/uploads\/2022\/01\/4-1-1024x588.png 1024w, https:\/\/www.harambe.ch\/wp-content\/uploads\/2022\/01\/4-1-300x172.png 300w, https:\/\/www.harambe.ch\/wp-content\/uploads\/2022\/01\/4-1-768x441.png 768w, https:\/\/www.harambe.ch\/wp-content\/uploads\/2022\/01\/4-1.png 1498w\" sizes=\"auto, (max-width: 767px) 89vw, (max-width: 1000px) 54vw, (max-width: 1071px) 543px, 580px\" \/><\/figure>\n\n\n\n<p>Favorisieren und alle abonnieren. Steam wird nun einige Dateien herunterladen.<\/p>\n\n\n\n<p>Danach Garrysmod \u00f6ffnen.<\/p>\n\n\n\n<figure class=\"wp-block-image size-large\"><img loading=\"lazy\" decoding=\"async\" width=\"1024\" height=\"569\" src=\"https:\/\/www.harambe.ch\/wp-content\/uploads\/2022\/01\/1-1-1024x569.png\" alt=\"\" class=\"wp-image-432\" srcset=\"https:\/\/www.harambe.ch\/wp-content\/uploads\/2022\/01\/1-1-1024x569.png 1024w, https:\/\/www.harambe.ch\/wp-content\/uploads\/2022\/01\/1-1-300x167.png 300w, https:\/\/www.harambe.ch\/wp-content\/uploads\/2022\/01\/1-1-768x427.png 768w, https:\/\/www.harambe.ch\/wp-content\/uploads\/2022\/01\/1-1-1536x854.png 1536w, https:\/\/www.harambe.ch\/wp-content\/uploads\/2022\/01\/1-1.png 1594w\" sizes=\"auto, (max-width: 767px) 89vw, (max-width: 1000px) 54vw, (max-width: 1071px) 543px, 580px\" \/><\/figure>\n\n\n\n<p>Falls n\u00f6tig auf &#8220;zur\u00fcck zum Hauptmen\u00fc&#8221;<\/p>\n\n\n\n<p>Optionen -&gt; Keyboard -&gt; unterster Eintrag auf &#8220;.&#8221; (Punkt) binden. &#8220;Apply&#8221; und dann das  Men\u00fc schliessen. <\/p>\n\n\n\n<figure class=\"wp-block-image size-large\"><img loading=\"lazy\" decoding=\"async\" width=\"1024\" height=\"755\" src=\"https:\/\/www.harambe.ch\/wp-content\/uploads\/2022\/01\/3-1-1024x755.png\" alt=\"\" class=\"wp-image-435\" srcset=\"https:\/\/www.harambe.ch\/wp-content\/uploads\/2022\/01\/3-1-1024x755.png 1024w, https:\/\/www.harambe.ch\/wp-content\/uploads\/2022\/01\/3-1-300x221.png 300w, https:\/\/www.harambe.ch\/wp-content\/uploads\/2022\/01\/3-1-768x566.png 768w, https:\/\/www.harambe.ch\/wp-content\/uploads\/2022\/01\/3-1.png 1195w\" sizes=\"auto, (max-width: 767px) 89vw, (max-width: 1000px) 54vw, (max-width: 1071px) 543px, 580px\" \/><\/figure>\n\n\n\n<p>Nun mit &#8220;.&#8221; die Konsole \u00f6ffnen und folgendes eingeben: bind o playermodel_selector<\/p>\n\n\n\n<p>Mit &#8220;o&#8221; kann Ingame nun das Model ge\u00e4ndert werden.<\/p>\n","protected":false},"excerpt":{"rendered":"<p>TTT Klassen -&gt; Klick mich TTT Rollen -&gt; Klick mich IP: 51.154.59.27 TTT Setup Nach dem Garry&#8217;s Mod installiert ist diesen Ordner herunterladen Steam \u00f6ffnen Bibliothek \u00f6ffnen Rechtsklick auf &#8220;Garrys Mod&#8221;, Eigenschaften \u00f6ffnen 3. Reiter &#8220;Lokale Dateien&#8221;, Lokale Dateien untersuchen Im Ordner der ge\u00f6ffnet wird &#8220;garrysmod&#8221; \u00f6ffnen &#8220;addons&#8221; \u00f6ffnen Nun den vorher heruntergeladenen &#8220;CSSContent&#8221; Ordner &hellip; <\/p>\n<p class=\"link-more\"><a href=\"https:\/\/www.harambe.ch\/?page_id=190\" class=\"more-link\">Continue reading<span class=\"screen-reader-text\"> &#8220;TTT&#8221;<\/span><\/a><\/p>\n","protected":false},"author":1,"featured_media":0,"parent":0,"menu_order":2,"comment_status":"closed","ping_status":"closed","template":"","meta":{"footnotes":""},"class_list":["post-190","page","type-page","status-publish","hentry"],"_links":{"self":[{"href":"https:\/\/www.harambe.ch\/index.php?rest_route=\/wp\/v2\/pages\/190","targetHints":{"allow":["GET"]}}],"collection":[{"href":"https:\/\/www.harambe.ch\/index.php?rest_route=\/wp\/v2\/pages"}],"about":[{"href":"https:\/\/www.harambe.ch\/index.php?rest_route=\/wp\/v2\/types\/page"}],"author":[{"embeddable":true,"href":"https:\/\/www.harambe.ch\/index.php?rest_route=\/wp\/v2\/users\/1"}],"replies":[{"embeddable":true,"href":"https:\/\/www.harambe.ch\/index.php?rest_route=%2Fwp%2Fv2%2Fcomments&post=190"}],"version-history":[{"count":4,"href":"https:\/\/www.harambe.ch\/index.php?rest_route=\/wp\/v2\/pages\/190\/revisions"}],"predecessor-version":[{"id":488,"href":"https:\/\/www.harambe.ch\/index.php?rest_route=\/wp\/v2\/pages\/190\/revisions\/488"}],"wp:attachment":[{"href":"https:\/\/www.harambe.ch\/index.php?rest_route=%2Fwp%2Fv2%2Fmedia&parent=190"}],"curies":[{"name":"wp","href":"https:\/\/api.w.org\/{rel}","templated":true}]}}